{"id":907,"date":"2026-01-03T22:51:42","date_gmt":"2026-01-03T21:51:42","guid":{"rendered":"https:\/\/www.effects.es\/?page_id=907"},"modified":"2026-01-03T23:45:15","modified_gmt":"2026-01-03T22:45:15","slug":"tau-sistemica","status":"publish","type":"page","link":"https:\/\/www.effects.es\/en\/tau-sistemica\/","title":{"rendered":"TAU-Sistemica"},"content":{"rendered":"<div id=\"fws_69e64fc2353e5\"  data-column-margin=\"default\" data-midnight=\"dark\" data-top-percent=\"6%\" data-bottom-percent=\"6%\"  class=\"wpb_row vc_row-fluid vc_row\"  style=\"padding-top: calc(100vw * 0.06); padding-bottom: calc(100vw * 0.06); \"><div class=\"row-bg-wrap\" data-bg-animation=\"none\" data-bg-animation-delay=\"\" data-bg-overlay=\"false\"><div class=\"inner-wrap row-bg-layer\" ><div class=\"row-bg viewport-desktop\"  style=\"\"><\/div><\/div><\/div><div class=\"row_col_wrap_12 col span_12 dark left\">\n\t<div  class=\"vc_col-sm-12 wpb_column column_container vc_column_container col no-extra-padding inherit_tablet inherit_phone\"  data-padding-pos=\"all\" data-has-bg-color=\"false\" data-bg-color=\"\" data-bg-opacity=\"1\" data-animation=\"\" data-delay=\"0\" >\n\t\t<div class=\"vc_column-inner\" >\n\t\t\t<div class=\"wpb_wrapper\">\n\t\t\t\t<div class=\"divider-wrap\" data-alignment=\"default\"><div style=\"height: 30px;\" class=\"divider\"><\/div><\/div><div id=\"fws_69e64fc235cdf\" data-midnight=\"\" data-column-margin=\"none\" class=\"wpb_row vc_row-fluid vc_row inner_row\"  style=\"padding-bottom: 7%; \"><div class=\"row-bg-wrap\"> <div class=\"row-bg\" ><\/div> <\/div><div class=\"row_col_wrap_12_inner col span_12  left\">\n\t<div  class=\"vc_col-sm-12 wpb_column column_container vc_column_container col child_column no-extra-padding inherit_tablet inherit_phone\"   data-padding-pos=\"all\" data-has-bg-color=\"false\" data-bg-color=\"\" data-bg-opacity=\"1\" data-animation=\"\" data-delay=\"0\" >\n\t\t<div class=\"vc_column-inner\" >\n\t\t<div class=\"wpb_wrapper\">\n\t\t\t<div class=\"nectar-split-heading\" data-align=\"default\" data-m-align=\"inherit\" data-text-effect=\"default\" data-animation-type=\"line-reveal-by-space\" data-animation-delay=\"0\" data-animation-offset=\"\" data-m-rm-animation=\"\" data-stagger=\"\" data-custom-font-size=\"false\" ><h2 style=\"max-width: 900px;\">Colaboramos con 4 terapeutas espa\u00f1olas formadas en terapia sist\u00e9mica<\/h2><\/div>\n\t\t<\/div> \n\t<\/div>\n\t<\/div> \n<\/div><\/div><div id=\"fws_69e64fc23612b\" data-midnight=\"\" data-column-margin=\"80px\" class=\"wpb_row vc_row-fluid vc_row inner_row\"  style=\"\"><div class=\"row-bg-wrap\"> <div class=\"row-bg\" ><\/div> <\/div><div class=\"row_col_wrap_12_inner col span_12  left\">\n\t<div  class=\"vc_col-sm-4 wpb_column column_container vc_column_container col child_column has-animation padding-4-percent inherit_tablet inherit_phone\"   data-padding-pos=\"top-bottom\" data-has-bg-color=\"false\" data-bg-color=\"\" data-bg-opacity=\"1\" data-animation=\"fade-in-from-bottom\" data-delay=\"50\" >\n\t\t<div class=\"vc_column-inner\" >\n\t\t<div class=\"wpb_wrapper\">\n\t\t\t<div class=\"team-member\" data-style=\"bio_fullscreen_alt\"><div class=\"team-member-image\"><div class=\"team-member-image-inner\"><img loading=\"lazy\" decoding=\"async\" class=\"nectar-lazy\" src=\"data:image\/svg+xml;charset=utf-8,%3Csvg%20xmlns%3D'http%3A%2F%2Fwww.w3.org%2F2000%2Fsvg'%20viewBox%3D'0%200%201280%201920'%2F%3E\" data-nectar-img-src=\"https:\/\/www.effects.es\/wp-content\/uploads\/2026\/01\/pexels-emine-10522804-683x1024.jpg\" width=\"1280\" height=\"1920\" alt=\"\" \/><\/div><\/div><div class=\"team-member-overlay\"><\/div>\n    <div class=\"team-meta\"><h5>Terapeuta en E-E(f)FECTS-TAU<\/h5><h3>Marta de Prado<\/h3><p><\/p><\/div>\n    <div class=\"nectar_team_bio_img\" data-img-src=\"https:\/\/www.effects.es\/wp-content\/uploads\/2026\/01\/pexels-emine-10522804.jpg\"><\/div>\n    <div class=\"nectar_team_bio\"><div class=\"bottom_meta\"><a href=\"\" target=\"_blank\"><i class=\"icon-default-style fa fa-search-plus\"><\/i><\/a><\/div><\/div>\n    <\/div><div class=\"divider-wrap\" data-alignment=\"default\"><div style=\"height: 30px;\" class=\"divider\"><\/div><\/div>\n\t\t<\/div> \n\t<\/div>\n\t<\/div> \n\n\t<div  class=\"vc_col-sm-4 wpb_column column_container vc_column_container col child_column has-animation no-extra-padding inherit_tablet inherit_phone\"   data-padding-pos=\"all\" data-has-bg-color=\"false\" data-bg-color=\"\" data-bg-opacity=\"1\" data-animation=\"fade-in-from-bottom\" data-delay=\"0\" >\n\t\t<div class=\"vc_column-inner\" >\n\t\t<div class=\"wpb_wrapper\">\n\t\t\t<div class=\"divider-wrap\" data-alignment=\"default\"><div style=\"height: 30px;\" class=\"divider\"><\/div><\/div><div class=\"team-member\" data-style=\"bio_fullscreen_alt\"><div class=\"team-member-image\"><div class=\"team-member-image-inner\"><img loading=\"lazy\" decoding=\"async\" class=\"nectar-lazy\" src=\"data:image\/svg+xml;charset=utf-8,%3Csvg%20xmlns%3D'http%3A%2F%2Fwww.w3.org%2F2000%2Fsvg'%20viewBox%3D'0%200%201280%201920'%2F%3E\" data-nectar-img-src=\"https:\/\/www.effects.es\/wp-content\/uploads\/2026\/01\/pexels-emine-10522804-683x1024.jpg\" width=\"1280\" height=\"1920\" alt=\"\" \/><\/div><\/div><div class=\"team-member-overlay\"><\/div>\n    <div class=\"team-meta\"><h5>Terapeuta en E-E(f)FECTS-TAU<\/h5><h3>Susana Mart\u00ednez<\/h3><p><\/p><\/div>\n    <div class=\"nectar_team_bio_img\" data-img-src=\"https:\/\/www.effects.es\/wp-content\/uploads\/2026\/01\/pexels-emine-10522804.jpg\"><\/div>\n    <div class=\"nectar_team_bio\"><div class=\"bottom_meta\"><a href=\"\" target=\"_blank\"><i class=\"icon-default-style fa fa-search-plus\"><\/i><\/a><\/div><\/div>\n    <\/div>\n\t\t<\/div> \n\t<\/div>\n\t<\/div> \n\n\t<div  class=\"vc_col-sm-4 wpb_column column_container vc_column_container col child_column has-animation padding-4-percent inherit_tablet inherit_phone\"   data-padding-pos=\"top-bottom\" data-has-bg-color=\"false\" data-bg-color=\"\" data-bg-opacity=\"1\" data-animation=\"fade-in-from-bottom\" data-delay=\"100\" >\n\t\t<div class=\"vc_column-inner\" >\n\t\t<div class=\"wpb_wrapper\">\n\t\t\t<div class=\"divider-wrap\" data-alignment=\"default\"><div style=\"height: 30px;\" class=\"divider\"><\/div><\/div><div class=\"team-member\" data-style=\"bio_fullscreen_alt\"><div class=\"team-member-image\"><div class=\"team-member-image-inner\"><img loading=\"lazy\" decoding=\"async\" class=\"nectar-lazy\" src=\"data:image\/svg+xml;charset=utf-8,%3Csvg%20xmlns%3D'http%3A%2F%2Fwww.w3.org%2F2000%2Fsvg'%20viewBox%3D'0%200%201280%201920'%2F%3E\" data-nectar-img-src=\"https:\/\/www.effects.es\/wp-content\/uploads\/2026\/01\/pexels-emine-10522804-683x1024.jpg\" width=\"1280\" height=\"1920\" alt=\"\" \/><\/div><\/div><div class=\"team-member-overlay\"><\/div>\n    <div class=\"team-meta\"><h5>Terapeuta en E-E(f)FECTS-TAU<\/h5><h3>XXXXXXXXXXX<\/h3><p><\/p><\/div>\n    <div class=\"nectar_team_bio_img\" data-img-src=\"https:\/\/www.effects.es\/wp-content\/uploads\/2026\/01\/pexels-emine-10522804.jpg\"><\/div>\n    <div class=\"nectar_team_bio\"><div class=\"bottom_meta\"><a href=\"\" target=\"_blank\"><i class=\"icon-default-style fa fa-search-plus\"><\/i><\/a><\/div><\/div>\n    <\/div>\n\t\t<\/div> \n\t<\/div>\n\t<\/div> \n<\/div><\/div>\n\t\t\t<\/div> \n\t\t<\/div>\n\t<\/div> \n<\/div><\/div>","protected":false},"excerpt":{"rendered":"Colaboramos con 4 terapeutas espa\u00f1olas formadas en terapia sist\u00e9mica Terapeuta en E-E(f)FECTS-TAUMarta de Prado Terapeuta en E-E(f)FECTS-TAUSusana Mart\u00ednez Terapeuta en E-E(f)FECTS-TAUXXXXXXXXXXX","protected":false},"author":2,"featured_media":0,"parent":0,"menu_order":0,"comment_status":"closed","ping_status":"closed","template":"","meta":{"footnotes":""},"class_list":["post-907","page","type-page","status-publish"],"_links":{"self":[{"href":"https:\/\/www.effects.es\/en\/wp-json\/wp\/v2\/pages\/907","targetHints":{"allow":["GET"]}}],"collection":[{"href":"https:\/\/www.effects.es\/en\/wp-json\/wp\/v2\/pages"}],"about":[{"href":"https:\/\/www.effects.es\/en\/wp-json\/wp\/v2\/types\/page"}],"author":[{"embeddable":true,"href":"https:\/\/www.effects.es\/en\/wp-json\/wp\/v2\/users\/2"}],"replies":[{"embeddable":true,"href":"https:\/\/www.effects.es\/en\/wp-json\/wp\/v2\/comments?post=907"}],"version-history":[{"count":4,"href":"https:\/\/www.effects.es\/en\/wp-json\/wp\/v2\/pages\/907\/revisions"}],"predecessor-version":[{"id":914,"href":"https:\/\/www.effects.es\/en\/wp-json\/wp\/v2\/pages\/907\/revisions\/914"}],"wp:attachment":[{"href":"https:\/\/www.effects.es\/en\/wp-json\/wp\/v2\/media?parent=907"}],"curies":[{"name":"wp","href":"https:\/\/api.w.org\/{rel}","templated":true}]}}