{"id":864,"date":"2026-01-03T18:12:33","date_gmt":"2026-01-03T17:12:33","guid":{"rendered":"https:\/\/www.effects.es\/?page_id=864"},"modified":"2026-01-04T23:32:30","modified_gmt":"2026-01-04T22:32:30","slug":"terapeutas-proyectos","status":"publish","type":"page","link":"https:\/\/www.effects.es\/en\/terapeutas-proyectos\/","title":{"rendered":"Terapeutas &#038; Proyectos"},"content":{"rendered":"<div id=\"fws_69e62975d9826\"  data-column-margin=\"default\" data-midnight=\"dark\" data-top-percent=\"8%\" data-bottom-percent=\"8%\"  class=\"wpb_row vc_row-fluid vc_row full-width-section  top_padding_tablet_16pct bottom_padding_tablet_16pct\"  style=\"padding-top: calc(100vw * 0.08); padding-bottom: calc(100vw * 0.08); \"><div class=\"row-bg-wrap\" data-bg-animation=\"none\" data-bg-animation-delay=\"\" data-bg-overlay=\"false\"><div class=\"inner-wrap row-bg-layer\" ><div class=\"row-bg viewport-desktop using-bg-color\"  style=\"background-color: #ffffff; \"><\/div><\/div><\/div><div class=\"row_col_wrap_12 col span_12 dark left\">\n\t<div  class=\"vc_col-sm-12 wpb_column column_container vc_column_container col no-extra-padding el_spacing_0px inherit_tablet inherit_phone\"  data-padding-pos=\"all\" data-has-bg-color=\"false\" data-bg-color=\"\" data-bg-opacity=\"1\" data-animation=\"\" data-delay=\"0\" >\n\t\t<div class=\"vc_column-inner\" >\n\t\t\t<div class=\"wpb_wrapper\">\n\t\t\t\t<div id=\"fws_69e62975d9d71\" data-midnight=\"\" data-column-margin=\"none\" class=\"wpb_row vc_row-fluid vc_row inner_row vc_row-o-equal-height vc_row-flex vc_row-o-content-bottom bottom_padding_tablet_20px\"  style=\"padding-bottom: 30px; \"><div class=\"row-bg-wrap\"> <div class=\"row-bg\" ><\/div> <\/div><div class=\"row_col_wrap_12_inner col span_12  left\">\n\t<div  class=\"vc_col-sm-6 wpb_column column_container vc_column_container col child_column padding-5-percent el_spacing_5px inherit_tablet inherit_phone\"    data-t-w-inherits=\"small_desktop\" data-padding-pos=\"right\" data-has-bg-color=\"false\" data-bg-color=\"\" data-bg-opacity=\"1\" data-animation=\"\" data-delay=\"0\" >\n\t\t<div class=\"vc_column-inner\" >\n\t\t<div class=\"wpb_wrapper\">\n\t\t\t\n<div class=\"wpb_text_column wpb_content_element\" >\n\t<div class=\"wpb_wrapper\">\n\t\t<h3>Conoce a los terapeutas vinculados a cada proyecto:<\/h3>\n\t<\/div>\n<\/div>\n\n\n\n\n\t\t<\/div> \n\t<\/div>\n\t<\/div> \n\n\t<div  class=\"vc_col-sm-6 vc_hidden-xs wpb_column column_container vc_column_container col child_column no-extra-padding inherit_tablet inherit_phone\"    data-t-w-inherits=\"small_desktop\" data-padding-pos=\"all\" data-has-bg-color=\"false\" data-bg-color=\"\" data-bg-opacity=\"1\" data-animation=\"\" data-delay=\"0\" >\n\t\t<div class=\"vc_column-inner\" >\n\t\t<div class=\"wpb_wrapper\">\n\t\t\t<div class=\"nectar-cta  alignment_tablet_default alignment_phone_default display_tablet_inherit display_phone_inherit\" data-color=\"default\" data-using-bg=\"false\" data-display=\"block\" data-style=\"underline\" data-alignment=\"right\" data-text-color=\"custom\" ><span style=\"color: #000000;\" class=\"nectar-button-type\"> <span class=\"link_wrap\" ><a  class=\"link_text\" style=\"border-color: #000000;\" href=\"\">View All Products<\/a><\/span><\/span><\/div>\n\t\t<\/div> \n\t<\/div>\n\t<\/div> \n<\/div><\/div><div class=\"nectar-flickity not-initialized nectar-carousel tb-spacing-0\" data-centered-cells=\"false\" data-pause-on-hover=\"\" data-touch-icon-color=\"dark\" data-control-color=\"extra-color-2\" data-overflow=\"visible\" data-r-bottom-total=\"true\" data-drag-scale=\"true\" data-wrap=\"no-wrap\" data-spacing=\"15px\" data-controls=\"touch_total\" data-pagination-alignment=\"default\" data-adaptive-height=\"\" data-border-radius=\"none\" data-column-border=\"\" data-column-padding=\"0\" data-format=\"default\" data-autoplay=\"\" data-autoplay-dur=\"5000\" data-control-style=\"material_pagination\" data-desktop-columns=\"4\" data-small-desktop-columns=\"3\" data-tablet-columns=\"2\" data-phone-columns=\"1\" data-column-color=\"\"><div class=\"flickity-viewport\"> <div class=\"flickity-slider\"><div class=\"cell\"><div class=\"inner-wrap-outer\"><div class=\"inner-wrap\" ><div class=\"nectar-fancy-box nectar-underline using-img  has-animation content-color-000000 aspect-4-5\"  data-style=\"image_above_text_underline\" data-border-radius=\"default\" data-animation=\"fade-in-from-right\" data-delay=\"100\" data-alignment=\"left\"><div class=\"image-wrap\"><div class=\"box-bg\"  style=\"background-image: url('https:\/\/www.effects.es\/wp-content\/uploads\/2022\/08\/pexels-thisisengineering-3862376-683x1024.jpg'); \"><\/div><\/div>\n\t\t<div class=\"text\">\n<h4>E-effects<\/h4>\n<p>Este estudio busca comparar parejas ubicadas en tres condiciones diferentes: intervenci\u00f3n TFE online, intervenci\u00f3n TFE en persona, y lista de espera. Financiado por la SPR a trav\u00e9s de un collaborative grant y con fondos propios de la UNAV. Periodo de ejecuci\u00f3n: septiembre 2021 &#8211; septiembre 2027 (6 a\u00f1os)<\/div> <a  href=\"https:\/\/www.effects.es\/en\/terapeutas-e-effects\/\" class=\"box-link\"><\/a>\n\t\t<\/div><\/div><\/div><\/div><div class=\"cell\"><div class=\"inner-wrap-outer\"><div class=\"inner-wrap\" ><div class=\"nectar-fancy-box nectar-underline using-img  has-animation content-color-000000 aspect-4-5\"  data-style=\"image_above_text_underline\" data-border-radius=\"default\" data-animation=\"fade-in-from-right\" data-delay=\"200\" data-alignment=\"left\"><div class=\"image-wrap\"><div class=\"box-bg\"  style=\"background-image: url('https:\/\/www.effects.es\/wp-content\/uploads\/2022\/08\/pexels-polina-zimmerman-3958374-683x1024.jpg'); \"><\/div><\/div>\n\t\t<div class=\"text\">\n<h4>Sist\u00e9mica (TAU) y TFE<\/h4>\n<p>Un estudio financiado por la FEATF (Federaci\u00f3n Espa\u00f1ola de Asociaciones de Terapia Familiar) y co-financiado por la UNAV, en el que analizamos procesos de terapia de pareja online y presenciales, realizados por terapeutas de pareja sist\u00e9micos sin formaci\u00f3n en TFE. Periodo de ejecuci\u00f3n: noviembre 2024 a noviembre 2026.<\/div> <a  href=\"https:\/\/www.effects.es\/en\/tau-sistemica\/\" class=\"box-link\"><\/a>\n\t\t<\/div><\/div><\/div><\/div><div class=\"cell\"><div class=\"inner-wrap-outer\"><div class=\"inner-wrap\" ><div class=\"nectar-fancy-box nectar-underline using-img  has-animation content-color-000000 aspect-4-5\"  data-style=\"image_above_text_underline\" data-border-radius=\"default\" data-animation=\"fade-in-from-right\" data-delay=\"400\" data-alignment=\"left\"><div class=\"image-wrap\"><div class=\"box-bg\"  style=\"background-image: url('https:\/\/www.effects.es\/wp-content\/uploads\/2025\/12\/pexels-ann-h-45017-10988367-683x1024.jpg'); \"><\/div><\/div>\n\t\t<div class=\"text\">\n<h4>ESPRINTER<\/h4>\n<p>Un proyecto interdisciplinar, financiado por el Ministerio de Ciencia, Innovaci\u00f3n y Universidades (PID2024-156013NB-I00), que busca analizar el modo en que se dan las din\u00e1micas de interacci\u00f3n conflictivas en parejas antes, durante y despu\u00e9s de un tratamiento de terapia de pareja. Periodo de ejecuci\u00f3n: septiembre 2025 a septiembre de 2029.<\/div> <a  href=\"https:\/\/www.effects.es\/en\/project\/esprinter\/\" class=\"box-link\"><\/a>\n\t\t<\/div><\/div><\/div><\/div><div class=\"cell\"><div class=\"inner-wrap-outer\"><div class=\"inner-wrap\" ><div class=\"nectar-fancy-box nectar-underline using-img  has-animation content-color-000000 aspect-4-5\"  data-style=\"image_above_text_underline\" data-border-radius=\"default\" data-animation=\"fade-in-from-right\" data-delay=\"0\" data-alignment=\"left\"><div class=\"image-wrap\"><div class=\"box-bg\"  style=\"background-image: url('https:\/\/www.effects.es\/wp-content\/uploads\/2022\/08\/Fotografia_Grupo_TerapeutasMexico.jpeg'); \"><\/div><\/div>\n\t\t<div class=\"text\">\n<h4>Clinical Trial E(f)FECTS<\/h4>\n<p>El primer ensayo cl\u00ednico aleatorizado en terapia focalizada en las emociones en espa\u00f1ol, y el primero realizado nunca en terapia de pareja. El proyecto que dio origen a esta l\u00ednea de investigaci\u00f3n y el m\u00e1s ambicioso que hemos desarrollado hasta ahora. Periodo de ejecuci\u00f3n: febrero 2020 a junio 2025.<\/div> <a  href=\"https:\/\/www.effects.es\/en\/terapeutas-rct\/\" aria-label=\"Daily anti-aging cream\" class=\"box-link\"><\/a>\n\t\t<\/div><\/div><\/div><\/div><\/div><\/div><\/div>\n\t\t\t<\/div> \n\t\t<\/div>\n\t<\/div> \n<\/div><\/div>","protected":false},"excerpt":{"rendered":"Conoce a los terapeutas vinculados a cada proyecto: View All Products E-effects Este estudio busca comparar parejas ubicadas en tres condiciones diferentes: intervenci\u00f3n TFE online, intervenci\u00f3n TFE en persona, y...","protected":false},"author":2,"featured_media":0,"parent":0,"menu_order":0,"comment_status":"closed","ping_status":"closed","template":"","meta":{"footnotes":""},"class_list":["post-864","page","type-page","status-publish"],"_links":{"self":[{"href":"https:\/\/www.effects.es\/en\/wp-json\/wp\/v2\/pages\/864","targetHints":{"allow":["GET"]}}],"collection":[{"href":"https:\/\/www.effects.es\/en\/wp-json\/wp\/v2\/pages"}],"about":[{"href":"https:\/\/www.effects.es\/en\/wp-json\/wp\/v2\/types\/page"}],"author":[{"embeddable":true,"href":"https:\/\/www.effects.es\/en\/wp-json\/wp\/v2\/users\/2"}],"replies":[{"embeddable":true,"href":"https:\/\/www.effects.es\/en\/wp-json\/wp\/v2\/comments?post=864"}],"version-history":[{"count":14,"href":"https:\/\/www.effects.es\/en\/wp-json\/wp\/v2\/pages\/864\/revisions"}],"predecessor-version":[{"id":870,"href":"https:\/\/www.effects.es\/en\/wp-json\/wp\/v2\/pages\/864\/revisions\/870"}],"wp:attachment":[{"href":"https:\/\/www.effects.es\/en\/wp-json\/wp\/v2\/media?parent=864"}],"curies":[{"name":"wp","href":"https:\/\/api.w.org\/{rel}","templated":true}]}}